{"id":140,"date":"2025-05-21T05:16:10","date_gmt":"2025-05-21T05:16:10","guid":{"rendered":"https:\/\/elpariandesanpedrotlaquepaque.com\/?page_id=140"},"modified":"2025-06-02T02:48:52","modified_gmt":"2025-06-02T02:48:52","slug":"nuestra-historia","status":"publish","type":"page","link":"https:\/\/elpariandesanpedrotlaquepaque.com\/?page_id=140","title":{"rendered":"El Pari\u00e1n de san pedro Tlaquepaque.\u200b"},"content":{"rendered":"\n<p class=\"has-superbfont-xlarge-font-size\">Joya hist\u00f3rica del siglo 19<\/p>\n\n\n\n<p>19 restaurantes y bares, cultura y gastronom\u00eda <\/p>\n\n\n\n<p class=\"has-parisienne-font-family has-superbfont-large-font-size\">La catedral folcl\u00f3rica de M\u00e9xico \u200b<\/p>\n\n\n\n<p><\/p>\n","protected":false},"excerpt":{"rendered":"<p>Joya hist\u00f3rica del siglo 19 19 restaurantes y bares, cultura y gastronom\u00eda La catedral folcl\u00f3rica de M\u00e9xico \u200b<\/p>\n","protected":false},"author":1,"featured_media":0,"parent":0,"menu_order":0,"comment_status":"closed","ping_status":"closed","template":"about","meta":{"_themeisle_gutenberg_block_has_review":false,"footnotes":""},"class_list":["post-140","page","type-page","status-publish","hentry"],"_links":{"self":[{"href":"https:\/\/elpariandesanpedrotlaquepaque.com\/index.php?rest_route=\/wp\/v2\/pages\/140","targetHints":{"allow":["GET"]}}],"collection":[{"href":"https:\/\/elpariandesanpedrotlaquepaque.com\/index.php?rest_route=\/wp\/v2\/pages"}],"about":[{"href":"https:\/\/elpariandesanpedrotlaquepaque.com\/index.php?rest_route=\/wp\/v2\/types\/page"}],"author":[{"embeddable":true,"href":"https:\/\/elpariandesanpedrotlaquepaque.com\/index.php?rest_route=\/wp\/v2\/users\/1"}],"replies":[{"embeddable":true,"href":"https:\/\/elpariandesanpedrotlaquepaque.com\/index.php?rest_route=%2Fwp%2Fv2%2Fcomments&post=140"}],"version-history":[{"count":2,"href":"https:\/\/elpariandesanpedrotlaquepaque.com\/index.php?rest_route=\/wp\/v2\/pages\/140\/revisions"}],"predecessor-version":[{"id":283,"href":"https:\/\/elpariandesanpedrotlaquepaque.com\/index.php?rest_route=\/wp\/v2\/pages\/140\/revisions\/283"}],"wp:attachment":[{"href":"https:\/\/elpariandesanpedrotlaquepaque.com\/index.php?rest_route=%2Fwp%2Fv2%2Fmedia&parent=140"}],"curies":[{"name":"wp","href":"https:\/\/api.w.org\/{rel}","templated":true}]}}