{"id":244,"date":"2025-06-01T23:56:11","date_gmt":"2025-06-01T23:56:11","guid":{"rendered":"https:\/\/elpariandesanpedrotlaquepaque.com\/?page_id=244"},"modified":"2025-06-06T23:33:54","modified_gmt":"2025-06-06T23:33:54","slug":"el-toreo-2","status":"publish","type":"page","link":"https:\/\/elpariandesanpedrotlaquepaque.com\/?page_id=244","title":{"rendered":"El Toreo"},"content":{"rendered":"\n<div class=\"wp-block-group has-mono-1-background-color has-background is-layout-flow wp-container-core-group-is-layout-ce397403 wp-block-group-is-layout-flow\" style=\"margin-top:0;margin-bottom:0;padding-top:0;padding-right:0;padding-bottom:0;padding-left:0\">\n<div class=\"wp-block-cover has-aspect-ratio wp-duotone-unset-1\" style=\"border-style:none;border-width:0px;border-radius:0px;margin-top:0;margin-bottom:0;padding-top:0px;padding-right:0px;padding-bottom:0px;padding-left:0px;box-shadow:var(--wp--preset--shadow--natural);min-height:600px;aspect-ratio:16\/9;min-height:unset;\"><img loading=\"lazy\" decoding=\"async\" width=\"2560\" height=\"1437\" class=\"wp-block-cover__image-background wp-image-239 size-full\" alt=\"\" src=\"https:\/\/elpariandesanpedrotlaquepaque.com\/wp-content\/uploads\/2025\/06\/banner_lading-scaled.jpg\" data-object-fit=\"cover\" srcset=\"https:\/\/elpariandesanpedrotlaquepaque.com\/wp-content\/uploads\/2025\/06\/banner_lading-scaled.jpg 2560w, https:\/\/elpariandesanpedrotlaquepaque.com\/wp-content\/uploads\/2025\/06\/banner_lading-300x168.jpg 300w, https:\/\/elpariandesanpedrotlaquepaque.com\/wp-content\/uploads\/2025\/06\/banner_lading-1024x575.jpg 1024w, https:\/\/elpariandesanpedrotlaquepaque.com\/wp-content\/uploads\/2025\/06\/banner_lading-768x431.jpg 768w, https:\/\/elpariandesanpedrotlaquepaque.com\/wp-content\/uploads\/2025\/06\/banner_lading-1536x862.jpg 1536w, https:\/\/elpariandesanpedrotlaquepaque.com\/wp-content\/uploads\/2025\/06\/banner_lading-2048x1150.jpg 2048w\" sizes=\"auto, (max-width: 2560px) 100vw, 2560px\" \/><span aria-hidden=\"true\" class=\"wp-block-cover__background has-background-dim-0 has-background-dim\" style=\"background-color:#5b4a42\"><\/span><div class=\"wp-block-cover__inner-container is-layout-flow wp-container-core-cover-is-layout-60bbf0d8 wp-block-cover-is-layout-flow\">\n<p class=\"has-text-align-center has-large-font-size\"><\/p>\n<\/div><\/div>\n<\/div>\n\n\n\n<div class=\"wp-block-group alignfull has-global-padding is-layout-constrained wp-container-core-group-is-layout-01a30e5e wp-block-group-is-layout-constrained\" style=\"margin-top:0;margin-bottom:0;padding-top:var(--wp--preset--spacing--superbspacing-medium);padding-right:var(--wp--preset--spacing--superbspacing-small);padding-bottom:var(--wp--preset--spacing--superbspacing-medium);padding-left:var(--wp--preset--spacing--superbspacing-small)\">\n<div class=\"wp-block-columns alignwide is-layout-flex wp-container-core-columns-is-layout-25593187 wp-block-columns-is-layout-flex\">\n<div class=\"wp-block-column is-vertically-aligned-center is-layout-flow wp-container-core-column-is-layout-a1628350 wp-block-column-is-layout-flow\" style=\"padding-top:0;padding-right:0;padding-bottom:0;padding-left:0\">\n<div class=\"wp-block-group is-layout-flow wp-container-core-group-is-layout-ff697075 wp-block-group-is-layout-flow\">\n<h3 class=\"wp-block-heading has-text-align-left has-parisienne-font-family has-superbfont-xxlarge-font-size\" style=\"line-height:1.2\">El Toreo<\/h3>\n\n\n\n<p class=\"has-mono-2-color has-text-color has-link-color wp-elements-0a418c6692a36c96e354a9d5d5482bc7\">El toreo, en el coraz\u00f3n del Pari\u00e1n de Tlaquepaque, ofrece una experiencia tradicional mexicana. Con mariachi en vivo, baile folcl\u00f3rico y platillos t\u00edpicos como birria y tortas ahogadas. Su cazuela de tequila con c\u00edtricos es imperdible. Un lugar ideal para disfrutar en familia o con amigos rodeado de cultura, sabor y aut\u00e9ntico ambiente jalisciense.<\/p>\n<\/div>\n\n\n\n<div class=\"wp-block-columns has-superbfont-small-font-size is-layout-flex wp-container-core-columns-is-layout-28f84493 wp-block-columns-is-layout-flex\">\n<div class=\"wp-block-column is-layout-flow wp-block-column-is-layout-flow\">\n<p>\ud83c\udf79\ud83c\udf7d\ufe0f<a href=\"https:\/\/elpariandesanpedrotlaquepaque.com\/wp-content\/uploads\/2025\/05\/menu_las_divas_comp.pdf\" target=\"_blank\" rel=\"noreferrer noopener\"> Men\u00fa de Alimentos y Bebidas<\/a><\/p>\n<\/div>\n<\/div>\n\n\n\n<div class=\"wp-block-columns has-superbfont-small-font-size is-layout-flex wp-container-core-columns-is-layout-28f84493 wp-block-columns-is-layout-flex\">\n<div class=\"wp-block-column is-layout-flow wp-block-column-is-layout-flow\">\n<div class=\"wp-block-columns is-layout-flex wp-container-core-columns-is-layout-28f84493 wp-block-columns-is-layout-flex\">\n<div class=\"wp-block-column is-layout-flow wp-block-column-is-layout-flow\">\n<p>\ud83d\udcde: <a href=\"tel:44&nbsp;9245 3237\">+52 33 1310 2614<\/a><\/p>\n<\/div>\n\n\n\n<div class=\"wp-block-column is-layout-flow wp-block-column-is-layout-flow\">\n<p>\ud83d\udcde: <a href=\"tel:44&nbsp;9245 3237\">+52 33 1578 1725<\/a><\/p>\n<\/div>\n<\/div>\n<\/div>\n<\/div>\n\n\n\n<div class=\"wp-block-columns has-superbfont-small-font-size is-layout-flex wp-container-core-columns-is-layout-28f84493 wp-block-columns-is-layout-flex\">\n<div class=\"wp-block-column is-layout-flow wp-block-column-is-layout-flow\">\n<p>\ud83d\udcac Whatsapp: <a href=\"tel:44&nbsp;9245 3237\">+52 3312641712<\/a><\/p>\n<\/div>\n\n\n\n<div class=\"wp-block-column is-layout-flow wp-block-column-is-layout-flow\">\n<p>\u23f0:11:00am -1:00am<\/p>\n<\/div>\n<\/div>\n\n\n\n<div class=\"wp-block-columns has-superbfont-small-font-size is-layout-flex wp-container-core-columns-is-layout-28f84493 wp-block-columns-is-layout-flex\">\n<div class=\"wp-block-column is-layout-flow wp-block-column-is-layout-flow\">\n<p>email: <a href=\"mailto:info@eltoreopariantlaquepaque.com\">info@eltoreopariantlaquepaque.com<\/a><\/p>\n<\/div>\n\n\n\n<div class=\"wp-block-column is-layout-flow wp-block-column-is-layout-flow\">\n<p>web:<strong>&nbsp;<\/strong><a href=\"https:\/\/eltoreopariantlaquepaque.com\/\">https:\/\/eltoreopariantlaquepaque.com\/<\/a><\/p>\n<\/div>\n<\/div>\n\n\n\n<div class=\"wp-block-columns is-layout-flex wp-container-core-columns-is-layout-28f84493 wp-block-columns-is-layout-flex\">\n<div class=\"wp-block-column is-layout-flow wp-block-column-is-layout-flow\">\n<p>Direcci\u00f3n: Independencia, 69 , 89, y progreso 31, El Par\u00edan, Tlaquepaque, Jalisco, M\u00e9xico.<\/p>\n<\/div>\n<\/div>\n<\/div>\n\n\n\n<div class=\"wp-block-column is-vertically-aligned-center is-layout-flow wp-container-core-column-is-layout-40a2a7e8 wp-block-column-is-layout-flow\" style=\"padding-right:0;padding-bottom:0;padding-left:0\">\n<figure class=\"wp-block-image size-full has-custom-border\"><img loading=\"lazy\" decoding=\"async\" width=\"600\" height=\"600\" src=\"https:\/\/elpariandesanpedrotlaquepaque.com\/wp-content\/uploads\/2025\/06\/foto_bodyjpg.jpg\" alt=\"\" class=\"wp-image-238\" style=\"border-radius:0px;box-shadow:var(--wp--preset--shadow--natural)\" srcset=\"https:\/\/elpariandesanpedrotlaquepaque.com\/wp-content\/uploads\/2025\/06\/foto_bodyjpg.jpg 600w, https:\/\/elpariandesanpedrotlaquepaque.com\/wp-content\/uploads\/2025\/06\/foto_bodyjpg-300x300.jpg 300w, https:\/\/elpariandesanpedrotlaquepaque.com\/wp-content\/uploads\/2025\/06\/foto_bodyjpg-150x150.jpg 150w\" sizes=\"auto, (max-width: 600px) 100vw, 600px\" \/><\/figure>\n<\/div>\n<\/div>\n<\/div>\n\n\n\n<div class=\"wp-block-group alignfull has-global-padding is-layout-constrained wp-container-core-group-is-layout-89535177 wp-block-group-is-layout-constrained\" style=\"margin-top:0;margin-bottom:0;padding-top:0;padding-right:0;padding-bottom:0;padding-left:0\">\n<figure class=\"wp-block-image alignwide size-full has-custom-border is-style-default\"><img loading=\"lazy\" decoding=\"async\" width=\"2560\" height=\"1437\" src=\"https:\/\/elpariandesanpedrotlaquepaque.com\/wp-content\/uploads\/2025\/06\/IMG_7908-scaled.jpg\" alt=\"\" class=\"wp-image-242\" style=\"border-style:none;border-width:0px;border-radius:0px;box-shadow:var(--wp--preset--shadow--natural)\" srcset=\"https:\/\/elpariandesanpedrotlaquepaque.com\/wp-content\/uploads\/2025\/06\/IMG_7908-scaled.jpg 2560w, https:\/\/elpariandesanpedrotlaquepaque.com\/wp-content\/uploads\/2025\/06\/IMG_7908-300x168.jpg 300w, https:\/\/elpariandesanpedrotlaquepaque.com\/wp-content\/uploads\/2025\/06\/IMG_7908-1024x575.jpg 1024w, https:\/\/elpariandesanpedrotlaquepaque.com\/wp-content\/uploads\/2025\/06\/IMG_7908-768x431.jpg 768w, https:\/\/elpariandesanpedrotlaquepaque.com\/wp-content\/uploads\/2025\/06\/IMG_7908-1536x862.jpg 1536w, https:\/\/elpariandesanpedrotlaquepaque.com\/wp-content\/uploads\/2025\/06\/IMG_7908-2048x1150.jpg 2048w\" sizes=\"auto, (max-width: 2560px) 100vw, 2560px\" \/><\/figure>\n\n\n\n<div class=\"wp-block-columns alignwide is-layout-flex wp-container-core-columns-is-layout-25593187 wp-block-columns-is-layout-flex\">\n<div class=\"wp-block-column is-vertically-aligned-center is-layout-flow wp-container-core-column-is-layout-a1628350 wp-block-column-is-layout-flow\" style=\"padding-top:0;padding-right:0;padding-bottom:0;padding-left:0\">\n<div class=\"wp-block-group is-layout-flow wp-container-core-group-is-layout-ff697075 wp-block-group-is-layout-flow\"><\/div>\n<\/div>\n<\/div>\n<\/div>\n\n\n\n<div class=\"wp-block-group alignfull has-background has-global-padding is-layout-constrained wp-container-core-group-is-layout-14be9dfd wp-block-group-is-layout-constrained\" style=\"background-color:#fef6da;margin-top:var(--wp--preset--spacing--superbspacing-xxsmall);margin-bottom:0;padding-top:var(--wp--preset--spacing--superbspacing-xxsmall);padding-right:var(--wp--preset--spacing--superbspacing-xsmall);padding-bottom:var(--wp--preset--spacing--superbspacing-xxsmall);padding-left:var(--wp--preset--spacing--superbspacing-xsmall)\">\n<figure class=\"wp-block-image aligncenter size-large is-resized\"><img loading=\"lazy\" decoding=\"async\" width=\"1024\" height=\"849\" src=\"https:\/\/elpariandesanpedrotlaquepaque.com\/wp-content\/uploads\/2025\/06\/3_EL-TOREO_2-1024x849.jpg\" alt=\"\" class=\"wp-image-246\" style=\"box-shadow:var(--wp--preset--shadow--natural);width:1200px;height:auto\" srcset=\"https:\/\/elpariandesanpedrotlaquepaque.com\/wp-content\/uploads\/2025\/06\/3_EL-TOREO_2-1024x849.jpg 1024w, https:\/\/elpariandesanpedrotlaquepaque.com\/wp-content\/uploads\/2025\/06\/3_EL-TOREO_2-300x249.jpg 300w, https:\/\/elpariandesanpedrotlaquepaque.com\/wp-content\/uploads\/2025\/06\/3_EL-TOREO_2-768x637.jpg 768w, https:\/\/elpariandesanpedrotlaquepaque.com\/wp-content\/uploads\/2025\/06\/3_EL-TOREO_2-1536x1273.jpg 1536w, https:\/\/elpariandesanpedrotlaquepaque.com\/wp-content\/uploads\/2025\/06\/3_EL-TOREO_2-2048x1697.jpg 2048w\" sizes=\"auto, (max-width: 1024px) 100vw, 1024px\" \/><\/figure>\n<\/div>\n\n\n\n<p><\/p>\n","protected":false},"excerpt":{"rendered":"<p>El Toreo El toreo, en el coraz\u00f3n del Pari\u00e1n de Tlaquepaque, ofrece una experiencia tradicional mexicana. Con mariachi en vivo, baile folcl\u00f3rico y platillos t\u00edpicos como birria y tortas ahogadas. Su cazuela de tequila con c\u00edtricos es imperdible. Un lugar ideal para disfrutar en familia o con amigos rodeado de cultura, sabor y aut\u00e9ntico ambiente [&hellip;]<\/p>\n","protected":false},"author":1,"featured_media":0,"parent":0,"menu_order":0,"comment_status":"closed","ping_status":"closed","template":"superbaddons-page-template","meta":{"_themeisle_gutenberg_block_has_review":false,"footnotes":""},"class_list":["post-244","page","type-page","status-publish","hentry"],"_links":{"self":[{"href":"https:\/\/elpariandesanpedrotlaquepaque.com\/index.php?rest_route=\/wp\/v2\/pages\/244","targetHints":{"allow":["GET"]}}],"collection":[{"href":"https:\/\/elpariandesanpedrotlaquepaque.com\/index.php?rest_route=\/wp\/v2\/pages"}],"about":[{"href":"https:\/\/elpariandesanpedrotlaquepaque.com\/index.php?rest_route=\/wp\/v2\/types\/page"}],"author":[{"embeddable":true,"href":"https:\/\/elpariandesanpedrotlaquepaque.com\/index.php?rest_route=\/wp\/v2\/users\/1"}],"replies":[{"embeddable":true,"href":"https:\/\/elpariandesanpedrotlaquepaque.com\/index.php?rest_route=%2Fwp%2Fv2%2Fcomments&post=244"}],"version-history":[{"count":5,"href":"https:\/\/elpariandesanpedrotlaquepaque.com\/index.php?rest_route=\/wp\/v2\/pages\/244\/revisions"}],"predecessor-version":[{"id":461,"href":"https:\/\/elpariandesanpedrotlaquepaque.com\/index.php?rest_route=\/wp\/v2\/pages\/244\/revisions\/461"}],"wp:attachment":[{"href":"https:\/\/elpariandesanpedrotlaquepaque.com\/index.php?rest_route=%2Fwp%2Fv2%2Fmedia&parent=244"}],"curies":[{"name":"wp","href":"https:\/\/api.w.org\/{rel}","templated":true}]}}