{"id":30,"date":"2025-05-15T03:20:44","date_gmt":"2025-05-15T03:20:44","guid":{"rendered":"https:\/\/elpariandesanpedrotlaquepaque.com\/index.php\/about-14\/"},"modified":"2025-06-06T23:20:25","modified_gmt":"2025-06-06T23:20:25","slug":"pacos","status":"publish","type":"page","link":"https:\/\/elpariandesanpedrotlaquepaque.com\/?page_id=30","title":{"rendered":"Paco\u00b4s"},"content":{"rendered":"\n<div class=\"wp-block-group has-mono-1-background-color has-background is-layout-flow wp-container-core-group-is-layout-ce397403 wp-block-group-is-layout-flow\" style=\"margin-top:0;margin-bottom:0;padding-top:0;padding-right:0;padding-bottom:0;padding-left:0\">\n<div class=\"wp-block-cover has-aspect-ratio wp-duotone-unset-1\" style=\"border-style:none;border-width:0px;border-radius:0px;margin-top:0;margin-bottom:0;padding-top:0px;padding-right:0px;padding-bottom:0px;padding-left:0px;box-shadow:var(--wp--preset--shadow--natural);min-height:221px;aspect-ratio:16\/9;min-height:unset;\"><img loading=\"lazy\" decoding=\"async\" width=\"1612\" height=\"859\" class=\"wp-block-cover__image-background wp-image-421 size-full\" alt=\"\" src=\"https:\/\/elpariandesanpedrotlaquepaque.com\/wp-content\/uploads\/2025\/06\/pacos_banner_home_2.jpg\" data-object-fit=\"cover\" srcset=\"https:\/\/elpariandesanpedrotlaquepaque.com\/wp-content\/uploads\/2025\/06\/pacos_banner_home_2.jpg 1612w, https:\/\/elpariandesanpedrotlaquepaque.com\/wp-content\/uploads\/2025\/06\/pacos_banner_home_2-300x160.jpg 300w, https:\/\/elpariandesanpedrotlaquepaque.com\/wp-content\/uploads\/2025\/06\/pacos_banner_home_2-1024x546.jpg 1024w, https:\/\/elpariandesanpedrotlaquepaque.com\/wp-content\/uploads\/2025\/06\/pacos_banner_home_2-768x409.jpg 768w, https:\/\/elpariandesanpedrotlaquepaque.com\/wp-content\/uploads\/2025\/06\/pacos_banner_home_2-1536x819.jpg 1536w\" sizes=\"auto, (max-width: 1612px) 100vw, 1612px\" \/><span aria-hidden=\"true\" class=\"wp-block-cover__background has-background-dim-0 has-background-dim\" style=\"background-color:#7a6c54\"><\/span><div class=\"wp-block-cover__inner-container is-layout-flow wp-container-core-cover-is-layout-60bbf0d8 wp-block-cover-is-layout-flow\">\n<p class=\"has-text-align-center has-large-font-size\"><\/p>\n<\/div><\/div>\n<\/div>\n\n\n\n<div class=\"wp-block-group alignfull has-global-padding is-layout-constrained wp-container-core-group-is-layout-01a30e5e wp-block-group-is-layout-constrained\" style=\"margin-top:0;margin-bottom:0;padding-top:var(--wp--preset--spacing--superbspacing-medium);padding-right:var(--wp--preset--spacing--superbspacing-small);padding-bottom:var(--wp--preset--spacing--superbspacing-medium);padding-left:var(--wp--preset--spacing--superbspacing-small)\">\n<div class=\"wp-block-columns alignwide is-layout-flex wp-container-core-columns-is-layout-25593187 wp-block-columns-is-layout-flex\">\n<div class=\"wp-block-column is-vertically-aligned-center is-layout-flow wp-container-core-column-is-layout-a1628350 wp-block-column-is-layout-flow\" style=\"padding-top:0;padding-right:0;padding-bottom:0;padding-left:0\">\n<div class=\"wp-block-group is-layout-flow wp-container-core-group-is-layout-ff697075 wp-block-group-is-layout-flow\">\n<h3 class=\"wp-block-heading has-text-align-left has-parisienne-font-family has-superbfont-xxlarge-font-size\" style=\"line-height:1.2\">Paco\u00b4s<\/h3>\n\n\n\n<p class=\"has-mono-2-color has-text-color has-link-color wp-elements-c982615970c82bf3782fc1396bbff4d4\">Paco\u2019s Bar, ubicado en el coraz\u00f3n del Pari\u00e1n de Tlaquepaque, combina tradici\u00f3n, sabor y hospitalidad en un solo lugar. Su men\u00fa mar y tierra ofrece delicias para todos los gustos, acompa\u00f1ado de bebidas como cazuelas bien servidas. <\/p>\n\n\n\n<p class=\"has-mono-2-color has-text-color has-link-color wp-elements-a4383f91503aea88d3da7aca6c17c9ef\">El ambiente se llena de vida con mariachi en vivo y espect\u00e1culos folcl\u00f3ricos, creando una experiencia aut\u00e9ntica y alegre. Ideal para compartir momentos memorables en familia o con amigos, en el alma de Jalisco.<\/p>\n<\/div>\n\n\n\n<div class=\"wp-block-columns is-layout-flex wp-container-core-columns-is-layout-28f84493 wp-block-columns-is-layout-flex\">\n<div class=\"wp-block-column is-layout-flow wp-block-column-is-layout-flow\">\n<p>\ud83c\udf79 <a href=\"https:\/\/elpariandesanpedrotlaquepaque.com\/wp-content\/uploads\/2025\/05\/Pacos-Restaurant-Bar-Menu-Bebidas.pdf\" target=\"_blank\" rel=\"noreferrer noopener\">Men\u00fa de Bebidas<\/a><\/p>\n<\/div>\n\n\n\n<div class=\"wp-block-column is-layout-flow wp-block-column-is-layout-flow\">\n<p>\ud83c\udf7d\ufe0f <a href=\"https:\/\/elpariandesanpedrotlaquepaque.com\/wp-content\/uploads\/2025\/05\/Pacos-Restaurant-Bar-Menu-Alimentos.pdf\" target=\"_blank\" rel=\"noreferrer noopener\">Men\u00fa de Alimentos<\/a><\/p>\n<\/div>\n<\/div>\n\n\n\n<div class=\"wp-block-columns is-layout-flex wp-container-core-columns-is-layout-28f84493 wp-block-columns-is-layout-flex\">\n<div class=\"wp-block-column is-layout-flow wp-block-column-is-layout-flow\">\n<p>\ud83d\udcde RSV: <a href=\"tel:3333305619\">333 330 5619<\/a><\/p>\n<\/div>\n\n\n\n<div class=\"wp-block-column is-layout-flow wp-block-column-is-layout-flow\">\n<p>\u23f0:11:00am -1:00am<\/p>\n<\/div>\n<\/div>\n\n\n\n<ul class=\"wp-block-social-links has-visible-labels has-icon-background-color is-style-default is-content-justification-left is-layout-flex wp-container-core-social-links-is-layout-fc4fd283 wp-block-social-links-is-layout-flex\"><li style=\"background-color: #5c1a21; \" class=\"wp-social-link wp-social-link-instagram  wp-block-social-link\"><a href=\"https:\/\/www.instagram.com\/pacosbar.tlaquepaque\/\" class=\"wp-block-social-link-anchor\"><svg width=\"24\" height=\"24\" viewBox=\"0 0 24 24\" version=\"1.1\" xmlns=\"http:\/\/www.w3.org\/2000\/svg\" aria-hidden=\"true\" focusable=\"false\"><path d=\"M12,4.622c2.403,0,2.688,0.009,3.637,0.052c0.877,0.04,1.354,0.187,1.671,0.31c0.42,0.163,0.72,0.358,1.035,0.673 c0.315,0.315,0.51,0.615,0.673,1.035c0.123,0.317,0.27,0.794,0.31,1.671c0.043,0.949,0.052,1.234,0.052,3.637 s-0.009,2.688-0.052,3.637c-0.04,0.877-0.187,1.354-0.31,1.671c-0.163,0.42-0.358,0.72-0.673,1.035 c-0.315,0.315-0.615,0.51-1.035,0.673c-0.317,0.123-0.794,0.27-1.671,0.31c-0.949,0.043-1.233,0.052-3.637,0.052 s-2.688-0.009-3.637-0.052c-0.877-0.04-1.354-0.187-1.671-0.31c-0.42-0.163-0.72-0.358-1.035-0.673 c-0.315-0.315-0.51-0.615-0.673-1.035c-0.123-0.317-0.27-0.794-0.31-1.671C4.631,14.688,4.622,14.403,4.622,12 s0.009-2.688,0.052-3.637c0.04-0.877,0.187-1.354,0.31-1.671c0.163-0.42,0.358-0.72,0.673-1.035 c0.315-0.315,0.615-0.51,1.035-0.673c0.317-0.123,0.794-0.27,1.671-0.31C9.312,4.631,9.597,4.622,12,4.622 M12,3 C9.556,3,9.249,3.01,8.289,3.054C7.331,3.098,6.677,3.25,6.105,3.472C5.513,3.702,5.011,4.01,4.511,4.511 c-0.5,0.5-0.808,1.002-1.038,1.594C3.25,6.677,3.098,7.331,3.054,8.289C3.01,9.249,3,9.556,3,12c0,2.444,0.01,2.751,0.054,3.711 c0.044,0.958,0.196,1.612,0.418,2.185c0.23,0.592,0.538,1.094,1.038,1.594c0.5,0.5,1.002,0.808,1.594,1.038 c0.572,0.222,1.227,0.375,2.185,0.418C9.249,20.99,9.556,21,12,21s2.751-0.01,3.711-0.054c0.958-0.044,1.612-0.196,2.185-0.418 c0.592-0.23,1.094-0.538,1.594-1.038c0.5-0.5,0.808-1.002,1.038-1.594c0.222-0.572,0.375-1.227,0.418-2.185 C20.99,14.751,21,14.444,21,12s-0.01-2.751-0.054-3.711c-0.044-0.958-0.196-1.612-0.418-2.185c-0.23-0.592-0.538-1.094-1.038-1.594 c-0.5-0.5-1.002-0.808-1.594-1.038c-0.572-0.222-1.227-0.375-2.185-0.418C14.751,3.01,14.444,3,12,3L12,3z M12,7.378 c-2.552,0-4.622,2.069-4.622,4.622S9.448,16.622,12,16.622s4.622-2.069,4.622-4.622S14.552,7.378,12,7.378z M12,15 c-1.657,0-3-1.343-3-3s1.343-3,3-3s3,1.343,3,3S13.657,15,12,15z M16.804,6.116c-0.596,0-1.08,0.484-1.08,1.08 s0.484,1.08,1.08,1.08c0.596,0,1.08-0.484,1.08-1.08S17.401,6.116,16.804,6.116z\"><\/path><\/svg><span class=\"wp-block-social-link-label\">Instagram<\/span><\/a><\/li><\/ul>\n<\/div>\n\n\n\n<div class=\"wp-block-column is-vertically-aligned-center is-layout-flow wp-container-core-column-is-layout-40a2a7e8 wp-block-column-is-layout-flow\" style=\"padding-right:0;padding-bottom:0;padding-left:0\">\n<figure class=\"wp-block-image size-large has-custom-border\"><img loading=\"lazy\" decoding=\"async\" width=\"2560\" height=\"1707\" src=\"https:\/\/elpariandesanpedrotlaquepaque.com\/wp-content\/uploads\/2025\/06\/pacos_platillo-edited-scaled.jpg\" alt=\"\" class=\"wp-image-433\" style=\"border-radius:0px;box-shadow:var(--wp--preset--shadow--natural)\" srcset=\"https:\/\/elpariandesanpedrotlaquepaque.com\/wp-content\/uploads\/2025\/06\/pacos_platillo-edited-scaled.jpg 2560w, https:\/\/elpariandesanpedrotlaquepaque.com\/wp-content\/uploads\/2025\/06\/pacos_platillo-edited-300x200.jpg 300w, https:\/\/elpariandesanpedrotlaquepaque.com\/wp-content\/uploads\/2025\/06\/pacos_platillo-edited-1024x683.jpg 1024w, https:\/\/elpariandesanpedrotlaquepaque.com\/wp-content\/uploads\/2025\/06\/pacos_platillo-edited-768x512.jpg 768w, https:\/\/elpariandesanpedrotlaquepaque.com\/wp-content\/uploads\/2025\/06\/pacos_platillo-edited-1536x1024.jpg 1536w, https:\/\/elpariandesanpedrotlaquepaque.com\/wp-content\/uploads\/2025\/06\/pacos_platillo-edited-2048x1366.jpg 2048w\" sizes=\"auto, (max-width: 2560px) 100vw, 2560px\" \/><\/figure>\n<\/div>\n<\/div>\n<\/div>\n\n\n\n<div class=\"wp-block-group alignfull has-global-padding is-layout-constrained wp-container-core-group-is-layout-89535177 wp-block-group-is-layout-constrained\" style=\"margin-top:0;margin-bottom:0;padding-top:0;padding-right:0;padding-bottom:0;padding-left:0\">\n<figure class=\"wp-block-image alignwide size-full has-custom-border is-style-default\"><img loading=\"lazy\" decoding=\"async\" width=\"2560\" height=\"1520\" src=\"https:\/\/elpariandesanpedrotlaquepaque.com\/wp-content\/uploads\/2025\/05\/banner-2-scaled.jpg\" alt=\"\" class=\"wp-image-155\" style=\"border-style:none;border-width:0px;border-radius:0px;box-shadow:var(--wp--preset--shadow--natural)\" srcset=\"https:\/\/elpariandesanpedrotlaquepaque.com\/wp-content\/uploads\/2025\/05\/banner-2-scaled.jpg 2560w, https:\/\/elpariandesanpedrotlaquepaque.com\/wp-content\/uploads\/2025\/05\/banner-2-300x178.jpg 300w, https:\/\/elpariandesanpedrotlaquepaque.com\/wp-content\/uploads\/2025\/05\/banner-2-1024x608.jpg 1024w, https:\/\/elpariandesanpedrotlaquepaque.com\/wp-content\/uploads\/2025\/05\/banner-2-768x456.jpg 768w, https:\/\/elpariandesanpedrotlaquepaque.com\/wp-content\/uploads\/2025\/05\/banner-2-1536x912.jpg 1536w, https:\/\/elpariandesanpedrotlaquepaque.com\/wp-content\/uploads\/2025\/05\/banner-2-2048x1216.jpg 2048w\" sizes=\"auto, (max-width: 2560px) 100vw, 2560px\" \/><\/figure>\n\n\n\n<div class=\"wp-block-columns alignwide is-layout-flex wp-container-core-columns-is-layout-25593187 wp-block-columns-is-layout-flex\">\n<div class=\"wp-block-column is-vertically-aligned-center is-layout-flow wp-container-core-column-is-layout-a1628350 wp-block-column-is-layout-flow\" style=\"padding-top:0;padding-right:0;padding-bottom:0;padding-left:0\">\n<div class=\"wp-block-group is-layout-flow wp-container-core-group-is-layout-ff697075 wp-block-group-is-layout-flow\"><\/div>\n<\/div>\n<\/div>\n<\/div>\n\n\n\n<div class=\"wp-block-group alignfull has-background has-global-padding is-layout-constrained wp-container-core-group-is-layout-14be9dfd wp-block-group-is-layout-constrained\" style=\"background-color:#fef6da;margin-top:var(--wp--preset--spacing--superbspacing-xxsmall);margin-bottom:0;padding-top:var(--wp--preset--spacing--superbspacing-xxsmall);padding-right:var(--wp--preset--spacing--superbspacing-xsmall);padding-bottom:var(--wp--preset--spacing--superbspacing-xxsmall);padding-left:var(--wp--preset--spacing--superbspacing-xsmall)\">\n<figure class=\"wp-block-image aligncenter size-large is-resized\"><img loading=\"lazy\" decoding=\"async\" width=\"1024\" height=\"849\" src=\"https:\/\/elpariandesanpedrotlaquepaque.com\/wp-content\/uploads\/2025\/06\/19_PACOS-1024x849.jpg\" alt=\"\" class=\"wp-image-228\" style=\"box-shadow:var(--wp--preset--shadow--natural);width:1200px;height:auto\" srcset=\"https:\/\/elpariandesanpedrotlaquepaque.com\/wp-content\/uploads\/2025\/06\/19_PACOS-1024x849.jpg 1024w, https:\/\/elpariandesanpedrotlaquepaque.com\/wp-content\/uploads\/2025\/06\/19_PACOS-300x249.jpg 300w, https:\/\/elpariandesanpedrotlaquepaque.com\/wp-content\/uploads\/2025\/06\/19_PACOS-768x637.jpg 768w, https:\/\/elpariandesanpedrotlaquepaque.com\/wp-content\/uploads\/2025\/06\/19_PACOS-1536x1273.jpg 1536w, https:\/\/elpariandesanpedrotlaquepaque.com\/wp-content\/uploads\/2025\/06\/19_PACOS-2048x1697.jpg 2048w\" sizes=\"auto, (max-width: 1024px) 100vw, 1024px\" \/><\/figure>\n<\/div>\n\n\n\n<p><\/p>\n","protected":false},"excerpt":{"rendered":"<p>Paco\u00b4s Paco\u2019s Bar, ubicado en el coraz\u00f3n del Pari\u00e1n de Tlaquepaque, combina tradici\u00f3n, sabor y hospitalidad en un solo lugar. Su men\u00fa mar y tierra ofrece delicias para todos los gustos, acompa\u00f1ado de bebidas como cazuelas bien servidas. El ambiente se llena de vida con mariachi en vivo y espect\u00e1culos folcl\u00f3ricos, creando una experiencia aut\u00e9ntica [&hellip;]<\/p>\n","protected":false},"author":1,"featured_media":0,"parent":0,"menu_order":0,"comment_status":"closed","ping_status":"closed","template":"superbaddons-page-template","meta":{"_themeisle_gutenberg_block_has_review":false,"footnotes":""},"class_list":["post-30","page","type-page","status-publish","hentry"],"_links":{"self":[{"href":"https:\/\/elpariandesanpedrotlaquepaque.com\/index.php?rest_route=\/wp\/v2\/pages\/30","targetHints":{"allow":["GET"]}}],"collection":[{"href":"https:\/\/elpariandesanpedrotlaquepaque.com\/index.php?rest_route=\/wp\/v2\/pages"}],"about":[{"href":"https:\/\/elpariandesanpedrotlaquepaque.com\/index.php?rest_route=\/wp\/v2\/types\/page"}],"author":[{"embeddable":true,"href":"https:\/\/elpariandesanpedrotlaquepaque.com\/index.php?rest_route=\/wp\/v2\/users\/1"}],"replies":[{"embeddable":true,"href":"https:\/\/elpariandesanpedrotlaquepaque.com\/index.php?rest_route=%2Fwp%2Fv2%2Fcomments&post=30"}],"version-history":[{"count":31,"href":"https:\/\/elpariandesanpedrotlaquepaque.com\/index.php?rest_route=\/wp\/v2\/pages\/30\/revisions"}],"predecessor-version":[{"id":445,"href":"https:\/\/elpariandesanpedrotlaquepaque.com\/index.php?rest_route=\/wp\/v2\/pages\/30\/revisions\/445"}],"wp:attachment":[{"href":"https:\/\/elpariandesanpedrotlaquepaque.com\/index.php?rest_route=%2Fwp%2Fv2%2Fmedia&parent=30"}],"curies":[{"name":"wp","href":"https:\/\/api.w.org\/{rel}","templated":true}]}}