{"id":332,"date":"2025-06-04T06:52:44","date_gmt":"2025-06-04T06:52:44","guid":{"rendered":"https:\/\/elpariandesanpedrotlaquepaque.com\/?page_id=332"},"modified":"2025-06-09T00:44:41","modified_gmt":"2025-06-09T00:44:41","slug":"mi-tierra","status":"publish","type":"page","link":"https:\/\/elpariandesanpedrotlaquepaque.com\/?page_id=332","title":{"rendered":"Mi Tierra"},"content":{"rendered":"\n<div class=\"wp-block-group has-mono-1-background-color has-background is-layout-flow wp-container-core-group-is-layout-ce397403 wp-block-group-is-layout-flow\" style=\"margin-top:0;margin-bottom:0;padding-top:0;padding-right:0;padding-bottom:0;padding-left:0\">\n<div class=\"wp-block-cover has-aspect-ratio wp-duotone-unset-1\" style=\"border-style:none;border-width:0px;border-radius:0px;margin-top:0;margin-bottom:0;padding-top:0px;padding-right:0px;padding-bottom:0px;padding-left:0px;box-shadow:var(--wp--preset--shadow--natural);min-height:221px;aspect-ratio:16\/9;min-height:unset;\"><img loading=\"lazy\" decoding=\"async\" width=\"960\" height=\"612\" class=\"wp-block-cover__image-background wp-image-334 size-full\" alt=\"\" src=\"https:\/\/elpariandesanpedrotlaquepaque.com\/wp-content\/uploads\/2025\/06\/banner_landing-1.jpg\" data-object-fit=\"cover\" srcset=\"https:\/\/elpariandesanpedrotlaquepaque.com\/wp-content\/uploads\/2025\/06\/banner_landing-1.jpg 960w, https:\/\/elpariandesanpedrotlaquepaque.com\/wp-content\/uploads\/2025\/06\/banner_landing-1-300x191.jpg 300w, https:\/\/elpariandesanpedrotlaquepaque.com\/wp-content\/uploads\/2025\/06\/banner_landing-1-768x490.jpg 768w\" sizes=\"auto, (max-width: 960px) 100vw, 960px\" \/><span aria-hidden=\"true\" class=\"wp-block-cover__background has-background-dim-0 has-background-dim\" style=\"background-color:#645f5b\"><\/span><div class=\"wp-block-cover__inner-container is-layout-flow wp-container-core-cover-is-layout-60bbf0d8 wp-block-cover-is-layout-flow\">\n<p class=\"has-text-align-center has-large-font-size\"><\/p>\n<\/div><\/div>\n<\/div>\n\n\n\n<div class=\"wp-block-group alignfull has-global-padding is-layout-constrained wp-container-core-group-is-layout-01a30e5e wp-block-group-is-layout-constrained\" style=\"margin-top:0;margin-bottom:0;padding-top:var(--wp--preset--spacing--superbspacing-medium);padding-right:var(--wp--preset--spacing--superbspacing-small);padding-bottom:var(--wp--preset--spacing--superbspacing-medium);padding-left:var(--wp--preset--spacing--superbspacing-small)\">\n<div class=\"wp-block-columns alignwide is-layout-flex wp-container-core-columns-is-layout-25593187 wp-block-columns-is-layout-flex\">\n<div class=\"wp-block-column is-vertically-aligned-center is-layout-flow wp-container-core-column-is-layout-a1628350 wp-block-column-is-layout-flow\" style=\"padding-top:0;padding-right:0;padding-bottom:0;padding-left:0\">\n<div class=\"wp-block-group is-layout-flow wp-container-core-group-is-layout-ff697075 wp-block-group-is-layout-flow\">\n<h3 class=\"wp-block-heading has-text-align-left has-parisienne-font-family has-superbfont-xxlarge-font-size\" style=\"line-height:1.2\">Mi Tierra.<\/h3>\n\n\n\n<p class=\"has-mono-2-color has-text-color has-link-color wp-elements-6b3c2b90445da0a8322436815b68a4cb\">Bar Mi Tierra se un rinc\u00f3n que celebra lo mejor de la tradici\u00f3n jalisciense. Con mariachi en vivo y un ambiente lleno de alegr\u00eda, invita a disfrutar de sabores aut\u00e9nticos como la birria, las tortas ahogadas y las cl\u00e1sicas cazuelas de tequila. <\/p>\n\n\n\n<p class=\"has-mono-2-color has-text-color has-link-color wp-elements-75c1e8750458d7e620f6df4e9932bcff\">Un lugar ideal para convivir en familia o entre amigos.<\/p>\n<\/div>\n\n\n\n<div class=\"wp-block-columns is-layout-flex wp-container-core-columns-is-layout-28f84493 wp-block-columns-is-layout-flex\">\n<div class=\"wp-block-column is-layout-flow wp-block-column-is-layout-flow\">\n<p>\ud83c\udf79 \ud83c\udf7d\ufe0f Men\u00fa no disponible<\/p>\n<\/div>\n\n\n\n<div class=\"wp-block-column is-layout-flow wp-block-column-is-layout-flow\">\n<p>\u23f0:10:00am -2:00am<\/p>\n<\/div>\n<\/div>\n\n\n\n<div class=\"wp-block-columns is-layout-flex wp-container-core-columns-is-layout-28f84493 wp-block-columns-is-layout-flex\">\n<div class=\"wp-block-column is-layout-flow wp-block-column-is-layout-flow\">\n<p>\ud83d\udcde:+52 33 1178 4238<\/p>\n<\/div>\n\n\n\n<div class=\"wp-block-column is-layout-flow wp-block-column-is-layout-flow\">\n<ul class=\"wp-block-social-links has-visible-labels has-icon-background-color is-style-default is-content-justification-left is-layout-flex wp-container-core-social-links-is-layout-fc4fd283 wp-block-social-links-is-layout-flex\"><li style=\"background-color: #5c1a21; \" class=\"wp-social-link wp-social-link-facebook  wp-block-social-link\"><a href=\"https:\/\/www.facebook.com\/mitierratlaquepaque\/\" class=\"wp-block-social-link-anchor\"><svg width=\"24\" height=\"24\" viewBox=\"0 0 24 24\" version=\"1.1\" xmlns=\"http:\/\/www.w3.org\/2000\/svg\" aria-hidden=\"true\" focusable=\"false\"><path d=\"M12 2C6.5 2 2 6.5 2 12c0 5 3.7 9.1 8.4 9.9v-7H7.9V12h2.5V9.8c0-2.5 1.5-3.9 3.8-3.9 1.1 0 2.2.2 2.2.2v2.5h-1.3c-1.2 0-1.6.8-1.6 1.6V12h2.8l-.4 2.9h-2.3v7C18.3 21.1 22 17 22 12c0-5.5-4.5-10-10-10z\"><\/path><\/svg><span class=\"wp-block-social-link-label\">Facebook<\/span><\/a><\/li><\/ul>\n<\/div>\n<\/div>\n<\/div>\n\n\n\n<div class=\"wp-block-column is-vertically-aligned-center is-layout-flow wp-container-core-column-is-layout-40a2a7e8 wp-block-column-is-layout-flow\" style=\"padding-right:0;padding-bottom:0;padding-left:0\">\n<figure class=\"wp-block-image size-full has-custom-border\"><img loading=\"lazy\" decoding=\"async\" width=\"735\" height=\"720\" src=\"https:\/\/elpariandesanpedrotlaquepaque.com\/wp-content\/uploads\/2025\/06\/imagen_body-1.jpg\" alt=\"\" class=\"wp-image-336\" style=\"border-radius:0px;box-shadow:var(--wp--preset--shadow--natural)\" srcset=\"https:\/\/elpariandesanpedrotlaquepaque.com\/wp-content\/uploads\/2025\/06\/imagen_body-1.jpg 735w, https:\/\/elpariandesanpedrotlaquepaque.com\/wp-content\/uploads\/2025\/06\/imagen_body-1-300x294.jpg 300w\" sizes=\"auto, (max-width: 735px) 100vw, 735px\" \/><\/figure>\n<\/div>\n<\/div>\n<\/div>\n\n\n\n<div class=\"wp-block-group alignfull has-global-padding is-layout-constrained wp-container-core-group-is-layout-89535177 wp-block-group-is-layout-constrained\" style=\"margin-top:0;margin-bottom:0;padding-top:0;padding-right:0;padding-bottom:0;padding-left:0\">\n<figure class=\"wp-block-image alignwide size-full has-custom-border is-style-default\"><img loading=\"lazy\" decoding=\"async\" width=\"828\" height=\"466\" src=\"https:\/\/elpariandesanpedrotlaquepaque.com\/wp-content\/uploads\/2025\/06\/banner_footer.jpg\" alt=\"\" class=\"wp-image-335\" style=\"border-style:none;border-width:0px;border-radius:0px;box-shadow:var(--wp--preset--shadow--natural)\" srcset=\"https:\/\/elpariandesanpedrotlaquepaque.com\/wp-content\/uploads\/2025\/06\/banner_footer.jpg 828w, https:\/\/elpariandesanpedrotlaquepaque.com\/wp-content\/uploads\/2025\/06\/banner_footer-300x169.jpg 300w, https:\/\/elpariandesanpedrotlaquepaque.com\/wp-content\/uploads\/2025\/06\/banner_footer-768x432.jpg 768w\" sizes=\"auto, (max-width: 828px) 100vw, 828px\" \/><\/figure>\n\n\n\n<div class=\"wp-block-columns alignwide is-layout-flex wp-container-core-columns-is-layout-25593187 wp-block-columns-is-layout-flex\">\n<div class=\"wp-block-column is-vertically-aligned-center is-layout-flow wp-container-core-column-is-layout-a1628350 wp-block-column-is-layout-flow\" style=\"padding-top:0;padding-right:0;padding-bottom:0;padding-left:0\">\n<div class=\"wp-block-group is-layout-flow wp-container-core-group-is-layout-ff697075 wp-block-group-is-layout-flow\"><\/div>\n<\/div>\n<\/div>\n<\/div>\n\n\n\n<div class=\"wp-block-group alignfull has-background has-global-padding is-layout-constrained wp-container-core-group-is-layout-14be9dfd wp-block-group-is-layout-constrained\" style=\"background-color:#fef6da;margin-top:var(--wp--preset--spacing--superbspacing-xxsmall);margin-bottom:0;padding-top:var(--wp--preset--spacing--superbspacing-xxsmall);padding-right:var(--wp--preset--spacing--superbspacing-xsmall);padding-bottom:var(--wp--preset--spacing--superbspacing-xxsmall);padding-left:var(--wp--preset--spacing--superbspacing-xsmall)\">\n<figure class=\"wp-block-image aligncenter size-large is-resized\"><img loading=\"lazy\" decoding=\"async\" width=\"1024\" height=\"849\" src=\"https:\/\/elpariandesanpedrotlaquepaque.com\/wp-content\/uploads\/2025\/06\/12_MI-TIERRA-1024x849.jpg\" alt=\"\" class=\"wp-image-337\" style=\"box-shadow:var(--wp--preset--shadow--natural);width:1200px;height:auto\" srcset=\"https:\/\/elpariandesanpedrotlaquepaque.com\/wp-content\/uploads\/2025\/06\/12_MI-TIERRA-1024x849.jpg 1024w, https:\/\/elpariandesanpedrotlaquepaque.com\/wp-content\/uploads\/2025\/06\/12_MI-TIERRA-300x249.jpg 300w, https:\/\/elpariandesanpedrotlaquepaque.com\/wp-content\/uploads\/2025\/06\/12_MI-TIERRA-768x637.jpg 768w, https:\/\/elpariandesanpedrotlaquepaque.com\/wp-content\/uploads\/2025\/06\/12_MI-TIERRA-1536x1273.jpg 1536w, https:\/\/elpariandesanpedrotlaquepaque.com\/wp-content\/uploads\/2025\/06\/12_MI-TIERRA-2048x1697.jpg 2048w\" sizes=\"auto, (max-width: 1024px) 100vw, 1024px\" \/><\/figure>\n<\/div>\n","protected":false},"excerpt":{"rendered":"<p>Mi Tierra. Bar Mi Tierra se un rinc\u00f3n que celebra lo mejor de la tradici\u00f3n jalisciense. Con mariachi en vivo y un ambiente lleno de alegr\u00eda, invita a disfrutar de sabores aut\u00e9nticos como la birria, las tortas ahogadas y las cl\u00e1sicas cazuelas de tequila. Un lugar ideal para convivir en familia o entre amigos. \ud83c\udf79 [&hellip;]<\/p>\n","protected":false},"author":1,"featured_media":0,"parent":0,"menu_order":0,"comment_status":"closed","ping_status":"closed","template":"superbaddons-page-template","meta":{"_themeisle_gutenberg_block_has_review":false,"footnotes":""},"class_list":["post-332","page","type-page","status-publish","hentry"],"_links":{"self":[{"href":"https:\/\/elpariandesanpedrotlaquepaque.com\/index.php?rest_route=\/wp\/v2\/pages\/332","targetHints":{"allow":["GET"]}}],"collection":[{"href":"https:\/\/elpariandesanpedrotlaquepaque.com\/index.php?rest_route=\/wp\/v2\/pages"}],"about":[{"href":"https:\/\/elpariandesanpedrotlaquepaque.com\/index.php?rest_route=\/wp\/v2\/types\/page"}],"author":[{"embeddable":true,"href":"https:\/\/elpariandesanpedrotlaquepaque.com\/index.php?rest_route=\/wp\/v2\/users\/1"}],"replies":[{"embeddable":true,"href":"https:\/\/elpariandesanpedrotlaquepaque.com\/index.php?rest_route=%2Fwp%2Fv2%2Fcomments&post=332"}],"version-history":[{"count":6,"href":"https:\/\/elpariandesanpedrotlaquepaque.com\/index.php?rest_route=\/wp\/v2\/pages\/332\/revisions"}],"predecessor-version":[{"id":475,"href":"https:\/\/elpariandesanpedrotlaquepaque.com\/index.php?rest_route=\/wp\/v2\/pages\/332\/revisions\/475"}],"wp:attachment":[{"href":"https:\/\/elpariandesanpedrotlaquepaque.com\/index.php?rest_route=%2Fwp%2Fv2%2Fmedia&parent=332"}],"curies":[{"name":"wp","href":"https:\/\/api.w.org\/{rel}","templated":true}]}}