{"id":340,"date":"2025-06-04T07:20:39","date_gmt":"2025-06-04T07:20:39","guid":{"rendered":"https:\/\/elpariandesanpedrotlaquepaque.com\/?page_id=340"},"modified":"2025-06-13T02:30:24","modified_gmt":"2025-06-13T02:30:24","slug":"casanova","status":"publish","type":"page","link":"https:\/\/elpariandesanpedrotlaquepaque.com\/?page_id=340","title":{"rendered":"Casanova"},"content":{"rendered":"\n<div class=\"wp-block-group has-mono-1-background-color has-background is-layout-flow wp-container-core-group-is-layout-ce397403 wp-block-group-is-layout-flow\" style=\"margin-top:0;margin-bottom:0;padding-top:0;padding-right:0;padding-bottom:0;padding-left:0\">\n<div class=\"wp-block-cover has-aspect-ratio wp-duotone-unset-1\" style=\"border-style:none;border-width:0px;border-radius:0px;margin-top:0;margin-bottom:0;padding-top:0px;padding-right:0px;padding-bottom:0px;padding-left:0px;box-shadow:var(--wp--preset--shadow--natural);min-height:221px;aspect-ratio:16\/9;min-height:unset;\"><img loading=\"lazy\" decoding=\"async\" width=\"1280\" height=\"960\" class=\"wp-block-cover__image-background wp-image-345 size-full\" alt=\"\" src=\"https:\/\/elpariandesanpedrotlaquepaque.com\/wp-content\/uploads\/2025\/06\/banner_landing-2.jpg\" data-object-fit=\"cover\" srcset=\"https:\/\/elpariandesanpedrotlaquepaque.com\/wp-content\/uploads\/2025\/06\/banner_landing-2.jpg 1280w, https:\/\/elpariandesanpedrotlaquepaque.com\/wp-content\/uploads\/2025\/06\/banner_landing-2-300x225.jpg 300w, https:\/\/elpariandesanpedrotlaquepaque.com\/wp-content\/uploads\/2025\/06\/banner_landing-2-1024x768.jpg 1024w, https:\/\/elpariandesanpedrotlaquepaque.com\/wp-content\/uploads\/2025\/06\/banner_landing-2-768x576.jpg 768w\" sizes=\"auto, (max-width: 1280px) 100vw, 1280px\" \/><span aria-hidden=\"true\" class=\"wp-block-cover__background has-background-dim-0 has-background-dim\" style=\"background-color:#aa6c65\"><\/span><div class=\"wp-block-cover__inner-container is-layout-flow wp-container-core-cover-is-layout-60bbf0d8 wp-block-cover-is-layout-flow\">\n<p class=\"has-text-align-center has-large-font-size\"><\/p>\n<\/div><\/div>\n<\/div>\n\n\n\n<div class=\"wp-block-group alignfull has-global-padding is-layout-constrained wp-container-core-group-is-layout-01a30e5e wp-block-group-is-layout-constrained\" style=\"margin-top:0;margin-bottom:0;padding-top:var(--wp--preset--spacing--superbspacing-medium);padding-right:var(--wp--preset--spacing--superbspacing-small);padding-bottom:var(--wp--preset--spacing--superbspacing-medium);padding-left:var(--wp--preset--spacing--superbspacing-small)\">\n<div class=\"wp-block-columns alignwide is-layout-flex wp-container-core-columns-is-layout-25593187 wp-block-columns-is-layout-flex\">\n<div class=\"wp-block-column is-vertically-aligned-center is-layout-flow wp-container-core-column-is-layout-a1628350 wp-block-column-is-layout-flow\" style=\"padding-top:0;padding-right:0;padding-bottom:0;padding-left:0\">\n<div class=\"wp-block-group is-layout-flow wp-container-core-group-is-layout-ff697075 wp-block-group-is-layout-flow\">\n<h3 class=\"wp-block-heading has-text-align-left has-parisienne-font-family has-superbfont-xxlarge-font-size\" style=\"line-height:1.2\">Sal\u00f3n Casanova.<\/h3>\n\n\n\n<p><strong>Ambiente folcl\u00f3rico de la ciudad.<\/strong><\/p>\n\n\n\n<p class=\"has-mono-2-color has-text-color has-link-color wp-elements-384ca495c436b27226ae892b5af91e29\">Sal\u00f3n Casanova es un \u00edcono del Pari\u00e1n de Tlaquepaque, famoso por su atm\u00f3sfera sofisticada, su legado musical y su atenci\u00f3n impecable. <\/p>\n\n\n\n<p class=\"has-mono-2-color has-text-color has-link-color wp-elements-915d86e22598eec14a8471982f1cc4e5\">Un sitio perfecto tanto para visitantes como para locales que desean disfrutar una experiencia con estilo en el centro de Tlaquepaque.<\/p>\n<\/div>\n\n\n\n<div class=\"wp-block-columns is-layout-flex wp-container-core-columns-is-layout-28f84493 wp-block-columns-is-layout-flex\">\n<div class=\"wp-block-column is-layout-flow wp-block-column-is-layout-flow\">\n<p>\ud83c\udf79 \ud83c\udf7d\ufe0f Men\u00fa no disponible<\/p>\n<\/div>\n\n\n\n<div class=\"wp-block-column is-layout-flow wp-block-column-is-layout-flow\">\n<p>\u23f0:10:00am -2:00am<\/p>\n<\/div>\n<\/div>\n\n\n\n<div class=\"wp-block-columns is-layout-flex wp-container-core-columns-is-layout-28f84493 wp-block-columns-is-layout-flex\">\n<div class=\"wp-block-column is-layout-flow wp-block-column-is-layout-flow\">\n<p>\ud83d\udcde:+52 33 4526 7055<\/p>\n<\/div>\n\n\n\n<div class=\"wp-block-column is-layout-flow wp-block-column-is-layout-flow\"><\/div>\n<\/div>\n<\/div>\n\n\n\n<div class=\"wp-block-column is-vertically-aligned-center is-layout-flow wp-container-core-column-is-layout-40a2a7e8 wp-block-column-is-layout-flow\" style=\"padding-right:0;padding-bottom:0;padding-left:0\">\n<figure class=\"wp-block-image size-full has-custom-border\"><img loading=\"lazy\" decoding=\"async\" width=\"1024\" height=\"950\" src=\"https:\/\/elpariandesanpedrotlaquepaque.com\/wp-content\/uploads\/2025\/06\/banner_body.jpg\" alt=\"\" class=\"wp-image-344\" style=\"border-radius:0px;box-shadow:var(--wp--preset--shadow--natural)\" srcset=\"https:\/\/elpariandesanpedrotlaquepaque.com\/wp-content\/uploads\/2025\/06\/banner_body.jpg 1024w, https:\/\/elpariandesanpedrotlaquepaque.com\/wp-content\/uploads\/2025\/06\/banner_body-300x278.jpg 300w, https:\/\/elpariandesanpedrotlaquepaque.com\/wp-content\/uploads\/2025\/06\/banner_body-768x713.jpg 768w\" sizes=\"auto, (max-width: 1024px) 100vw, 1024px\" \/><\/figure>\n<\/div>\n<\/div>\n<\/div>\n\n\n\n<div class=\"wp-block-group alignfull has-global-padding is-layout-constrained wp-container-core-group-is-layout-89535177 wp-block-group-is-layout-constrained\" style=\"margin-top:0;margin-bottom:0;padding-top:0;padding-right:0;padding-bottom:0;padding-left:0\">\n<figure class=\"wp-block-image alignwide size-full has-custom-border is-style-default\"><img loading=\"lazy\" decoding=\"async\" width=\"2560\" height=\"1437\" src=\"https:\/\/elpariandesanpedrotlaquepaque.com\/wp-content\/uploads\/2025\/06\/IMG_7998-1-scaled.jpg\" alt=\"\" class=\"wp-image-343\" style=\"border-style:none;border-width:0px;border-radius:0px;box-shadow:var(--wp--preset--shadow--natural)\" srcset=\"https:\/\/elpariandesanpedrotlaquepaque.com\/wp-content\/uploads\/2025\/06\/IMG_7998-1-scaled.jpg 2560w, https:\/\/elpariandesanpedrotlaquepaque.com\/wp-content\/uploads\/2025\/06\/IMG_7998-1-300x168.jpg 300w, https:\/\/elpariandesanpedrotlaquepaque.com\/wp-content\/uploads\/2025\/06\/IMG_7998-1-1024x575.jpg 1024w, https:\/\/elpariandesanpedrotlaquepaque.com\/wp-content\/uploads\/2025\/06\/IMG_7998-1-768x431.jpg 768w, https:\/\/elpariandesanpedrotlaquepaque.com\/wp-content\/uploads\/2025\/06\/IMG_7998-1-1536x862.jpg 1536w, https:\/\/elpariandesanpedrotlaquepaque.com\/wp-content\/uploads\/2025\/06\/IMG_7998-1-2048x1150.jpg 2048w\" sizes=\"auto, (max-width: 2560px) 100vw, 2560px\" \/><\/figure>\n\n\n\n<div class=\"wp-block-columns alignwide is-layout-flex wp-container-core-columns-is-layout-25593187 wp-block-columns-is-layout-flex\">\n<div class=\"wp-block-column is-vertically-aligned-center is-layout-flow wp-container-core-column-is-layout-a1628350 wp-block-column-is-layout-flow\" style=\"padding-top:0;padding-right:0;padding-bottom:0;padding-left:0\">\n<div class=\"wp-block-group is-layout-flow wp-container-core-group-is-layout-ff697075 wp-block-group-is-layout-flow\"><\/div>\n<\/div>\n<\/div>\n<\/div>\n\n\n\n<div class=\"wp-block-group alignfull has-background has-global-padding is-layout-constrained wp-container-core-group-is-layout-14be9dfd wp-block-group-is-layout-constrained\" style=\"background-color:#fef6da;margin-top:var(--wp--preset--spacing--superbspacing-xxsmall);margin-bottom:0;padding-top:var(--wp--preset--spacing--superbspacing-xxsmall);padding-right:var(--wp--preset--spacing--superbspacing-xsmall);padding-bottom:var(--wp--preset--spacing--superbspacing-xxsmall);padding-left:var(--wp--preset--spacing--superbspacing-xsmall)\">\n<figure class=\"wp-block-image size-large\"><img loading=\"lazy\" decoding=\"async\" width=\"1024\" height=\"849\" src=\"https:\/\/elpariandesanpedrotlaquepaque.com\/wp-content\/uploads\/2025\/06\/15_CASANOVA-1024x849.jpg\" alt=\"\" class=\"wp-image-478\" srcset=\"https:\/\/elpariandesanpedrotlaquepaque.com\/wp-content\/uploads\/2025\/06\/15_CASANOVA-1024x849.jpg 1024w, https:\/\/elpariandesanpedrotlaquepaque.com\/wp-content\/uploads\/2025\/06\/15_CASANOVA-300x249.jpg 300w, https:\/\/elpariandesanpedrotlaquepaque.com\/wp-content\/uploads\/2025\/06\/15_CASANOVA-768x637.jpg 768w, https:\/\/elpariandesanpedrotlaquepaque.com\/wp-content\/uploads\/2025\/06\/15_CASANOVA-1536x1273.jpg 1536w, https:\/\/elpariandesanpedrotlaquepaque.com\/wp-content\/uploads\/2025\/06\/15_CASANOVA-2048x1697.jpg 2048w\" sizes=\"auto, (max-width: 1024px) 100vw, 1024px\" \/><\/figure>\n\n\n\n<figure class=\"wp-block-image aligncenter size-large is-resized\"><img loading=\"lazy\" decoding=\"async\" width=\"1024\" height=\"849\" src=\"https:\/\/elpariandesanpedrotlaquepaque.com\/wp-content\/uploads\/2025\/06\/15_CASA-NOVA-1-1024x849.jpg\" alt=\"\" class=\"wp-image-347\" style=\"box-shadow:var(--wp--preset--shadow--natural);width:1200px;height:auto\" srcset=\"https:\/\/elpariandesanpedrotlaquepaque.com\/wp-content\/uploads\/2025\/06\/15_CASA-NOVA-1-1024x849.jpg 1024w, https:\/\/elpariandesanpedrotlaquepaque.com\/wp-content\/uploads\/2025\/06\/15_CASA-NOVA-1-300x249.jpg 300w, https:\/\/elpariandesanpedrotlaquepaque.com\/wp-content\/uploads\/2025\/06\/15_CASA-NOVA-1-768x637.jpg 768w, https:\/\/elpariandesanpedrotlaquepaque.com\/wp-content\/uploads\/2025\/06\/15_CASA-NOVA-1-1536x1273.jpg 1536w, https:\/\/elpariandesanpedrotlaquepaque.com\/wp-content\/uploads\/2025\/06\/15_CASA-NOVA-1-2048x1697.jpg 2048w\" sizes=\"auto, (max-width: 1024px) 100vw, 1024px\" \/><\/figure>\n<\/div>\n","protected":false},"excerpt":{"rendered":"<p>Sal\u00f3n Casanova. Ambiente folcl\u00f3rico de la ciudad. Sal\u00f3n Casanova es un \u00edcono del Pari\u00e1n de Tlaquepaque, famoso por su atm\u00f3sfera sofisticada, su legado musical y su atenci\u00f3n impecable. Un sitio perfecto tanto para visitantes como para locales que desean disfrutar una experiencia con estilo en el centro de Tlaquepaque. \ud83c\udf79 \ud83c\udf7d\ufe0f Men\u00fa no disponible \u23f0:10:00am [&hellip;]<\/p>\n","protected":false},"author":1,"featured_media":0,"parent":0,"menu_order":0,"comment_status":"closed","ping_status":"closed","template":"superbaddons-page-template","meta":{"_themeisle_gutenberg_block_has_review":false,"footnotes":""},"class_list":["post-340","page","type-page","status-publish","hentry"],"_links":{"self":[{"href":"https:\/\/elpariandesanpedrotlaquepaque.com\/index.php?rest_route=\/wp\/v2\/pages\/340","targetHints":{"allow":["GET"]}}],"collection":[{"href":"https:\/\/elpariandesanpedrotlaquepaque.com\/index.php?rest_route=\/wp\/v2\/pages"}],"about":[{"href":"https:\/\/elpariandesanpedrotlaquepaque.com\/index.php?rest_route=\/wp\/v2\/types\/page"}],"author":[{"embeddable":true,"href":"https:\/\/elpariandesanpedrotlaquepaque.com\/index.php?rest_route=\/wp\/v2\/users\/1"}],"replies":[{"embeddable":true,"href":"https:\/\/elpariandesanpedrotlaquepaque.com\/index.php?rest_route=%2Fwp%2Fv2%2Fcomments&post=340"}],"version-history":[{"count":7,"href":"https:\/\/elpariandesanpedrotlaquepaque.com\/index.php?rest_route=\/wp\/v2\/pages\/340\/revisions"}],"predecessor-version":[{"id":479,"href":"https:\/\/elpariandesanpedrotlaquepaque.com\/index.php?rest_route=\/wp\/v2\/pages\/340\/revisions\/479"}],"wp:attachment":[{"href":"https:\/\/elpariandesanpedrotlaquepaque.com\/index.php?rest_route=%2Fwp%2Fv2%2Fmedia&parent=340"}],"curies":[{"name":"wp","href":"https:\/\/api.w.org\/{rel}","templated":true}]}}